{"id":248,"date":"2023-02-18T18:03:51","date_gmt":"2023-02-18T17:03:51","guid":{"rendered":"https:\/\/www.elcosturerodesara.com\/?page_id=248"},"modified":"2023-05-15T18:34:28","modified_gmt":"2023-05-15T16:34:28","slug":"mapa-del-sitio","status":"publish","type":"page","link":"https:\/\/www.elcosturerodesara.com\/fr\/mapa-del-sitio\/","title":{"rendered":"Plan du site"},"content":{"rendered":"<div data-elementor-type=\"wp-page\" data-elementor-id=\"248\" class=\"elementor elementor-248\" data-elementor-post-type=\"page\">\n\t\t\t\t\t\t<section class=\"elementor-section elementor-top-section elementor-element elementor-element-4a274d14 elementor-section-full_width elementor-section-height-default elementor-section-height-default\" data-id=\"4a274d14\" data-element_type=\"section\" data-settings=\"{&quot;background_background&quot;:&quot;classic&quot;}\">\n\t\t\t\t\t\t\t<div class=\"elementor-background-overlay\"><\/div>\n\t\t\t\t\t\t\t<div class=\"elementor-container elementor-column-gap-no\">\n\t\t\t\t\t<div class=\"elementor-column elementor-col-100 elementor-top-column elementor-element elementor-element-d4fd5f8\" data-id=\"d4fd5f8\" data-element_type=\"column\" data-settings=\"{&quot;background_background&quot;:&quot;classic&quot;}\">\n\t\t\t<div class=\"elementor-widget-wrap elementor-element-populated\">\n\t\t\t\t\t\t<div class=\"elementor-element elementor-element-1dc69ad0 elementor-widget__width-auto elementor-mobile-align-center elementor-widget-mobile__width-auto elementor-widget elementor-widget-breadcrumbs\" data-id=\"1dc69ad0\" data-element_type=\"widget\" data-widget_type=\"breadcrumbs.default\">\n\t\t\t\t<div class=\"elementor-widget-container\">\n\t\t\t\t\t<p id=\"breadcrumbs\"><span><span><a href=\"https:\/\/www.elcosturerodesara.com\/fr\/\">D\u00e9but<\/a><\/span><\/span><\/p>\t\t\t\t<\/div>\n\t\t\t\t<\/div>\n\t\t\t\t<div class=\"elementor-element elementor-element-5dd609ba elementor-invisible elementor-widget elementor-widget-heading\" data-id=\"5dd609ba\" data-element_type=\"widget\" data-settings=\"{&quot;_animation&quot;:&quot;fadeInLeft&quot;}\" data-widget_type=\"heading.default\">\n\t\t\t\t<div class=\"elementor-widget-container\">\n\t\t\t\t\t<h1 class=\"elementor-heading-title elementor-size-default\">PLAN DU SITE<\/h1>\t\t\t\t<\/div>\n\t\t\t\t<\/div>\n\t\t\t\t<div class=\"elementor-element elementor-element-65a0206e elementor-widget elementor-widget-text-editor\" data-id=\"65a0206e\" data-element_type=\"widget\" data-widget_type=\"text-editor.default\">\n\t\t\t\t<div class=\"elementor-widget-container\">\n\t\t\t\t\t\t\t\t\t<p>Informations sur la structure interne du site, les pages et leur r\u00e9partition dans les menus<\/p>\t\t\t\t\t\t\t\t<\/div>\n\t\t\t\t<\/div>\n\t\t\t\t\t<\/div>\n\t\t<\/div>\n\t\t\t\t\t<\/div>\n\t\t<\/section>\n\t\t\t\t<section class=\"elementor-section elementor-top-section elementor-element elementor-element-2d3c1593 elementor-section-boxed elementor-section-height-default elementor-section-height-default\" data-id=\"2d3c1593\" data-element_type=\"section\">\n\t\t\t\t\t\t<div class=\"elementor-container elementor-column-gap-default\">\n\t\t\t\t\t<div class=\"elementor-column elementor-col-33 elementor-top-column elementor-element elementor-element-4fbdfb0b\" data-id=\"4fbdfb0b\" data-element_type=\"column\">\n\t\t\t<div class=\"elementor-widget-wrap elementor-element-populated\">\n\t\t\t\t\t\t<div class=\"elementor-element elementor-element-567706bd elementor-widget elementor-widget-sitemap\" data-id=\"567706bd\" data-element_type=\"widget\" data-widget_type=\"sitemap.default\">\n\t\t\t\t<div class=\"elementor-widget-container\">\n\t\t\t\t\t<div class=\"elementor-sitemap-wrap\"><div class=\"elementor-sitemap-section\"><h2 class=\"elementor-sitemap-title elementor-sitemap-page-title\">pages<\/h2><ul class=\"elementor-sitemap-list elementor-sitemap-page-list\"><li class=\"elementor-sitemap-item elementor-sitemap-item-page page_item page-item-208 menu-item\"><a rel=\"nofollow\" href=\"https:\/\/www.elcosturerodesara.com\/fr\/\" class=\"elementor-sitemap-item elementor-sitemap-item-page menu-link\">D\u00e9but<\/a><\/li><li class=\"elementor-sitemap-item elementor-sitemap-item-page page_item page-item-432 menu-item\"><a rel=\"nofollow\" href=\"https:\/\/www.elcosturerodesara.com\/fr\/trabajos\/\" class=\"elementor-sitemap-item elementor-sitemap-item-page menu-link\">Emplois<\/a><\/li><li class=\"elementor-sitemap-item elementor-sitemap-item-page page_item page-item-254 menu-item\"><a rel=\"nofollow\" href=\"https:\/\/www.elcosturerodesara.com\/fr\/contacto\/\" class=\"elementor-sitemap-item elementor-sitemap-item-page menu-link\">Contact<\/a><\/li><li class=\"elementor-sitemap-item elementor-sitemap-item-page page_item page-item-275 menu-item\"><a rel=\"nofollow\" href=\"https:\/\/www.elcosturerodesara.com\/fr\/aviso-legal\/\" class=\"elementor-sitemap-item elementor-sitemap-item-page menu-link\">Avis juridique<\/a><\/li><li class=\"elementor-sitemap-item elementor-sitemap-item-page page_item page-item-269 menu-item\"><a rel=\"nofollow\" href=\"https:\/\/www.elcosturerodesara.com\/fr\/politica-de-privacidad\/\" class=\"elementor-sitemap-item elementor-sitemap-item-page menu-link\">Politique de confidentialit\u00e9<\/a><\/li><li class=\"elementor-sitemap-item elementor-sitemap-item-page page_item page-item-263 menu-item\"><a rel=\"nofollow\" href=\"https:\/\/www.elcosturerodesara.com\/fr\/politica-de-cookies\/\" class=\"elementor-sitemap-item elementor-sitemap-item-page menu-link\">Politique de cookies<\/a><\/li><li class=\"elementor-sitemap-item elementor-sitemap-item-page page_item page-item-248 menu-item\"><a rel=\"nofollow\" href=\"https:\/\/www.elcosturerodesara.com\/fr\/mapa-del-sitio\/\" class=\"elementor-sitemap-item elementor-sitemap-item-page menu-link\">Plan du site<\/a><\/li><li class=\"elementor-sitemap-item elementor-sitemap-item-page page_item page-item-284 menu-item\"><a rel=\"nofollow\" href=\"https:\/\/www.elcosturerodesara.com\/fr\/accesibilidad\/\" class=\"elementor-sitemap-item elementor-sitemap-item-page menu-link\">Accessibilit\u00e9<\/a><\/li><\/ul><\/div><\/div>\t\t\t\t<\/div>\n\t\t\t\t<\/div>\n\t\t\t\t\t<\/div>\n\t\t<\/div>\n\t\t\t\t<div class=\"elementor-column elementor-col-33 elementor-top-column elementor-element elementor-element-72443857\" data-id=\"72443857\" data-element_type=\"column\">\n\t\t\t<div class=\"elementor-widget-wrap elementor-element-populated\">\n\t\t\t\t\t\t<div class=\"elementor-element elementor-element-405f07de elementor-widget elementor-widget-sitemap\" data-id=\"405f07de\" data-element_type=\"widget\" data-widget_type=\"sitemap.default\">\n\t\t\t\t<div class=\"elementor-widget-container\">\n\t\t\t\t\t<div class=\"elementor-sitemap-wrap\"><div class=\"elementor-sitemap-section\"><h2 class=\"elementor-sitemap-title elementor-sitemap-page-title\">menu l\u00e9gal<\/h2><ul class=\"elementor-sitemap-list elementor-sitemap-page-list\"><li class=\"elementor-sitemap-item elementor-sitemap-item-page page_item page-item-275 menu-item\"><a rel=\"nofollow\" href=\"https:\/\/www.elcosturerodesara.com\/fr\/aviso-legal\/\" class=\"elementor-sitemap-item elementor-sitemap-item-page menu-link\">Avis juridique<\/a><\/li><li class=\"elementor-sitemap-item elementor-sitemap-item-page page_item page-item-269 menu-item\"><a rel=\"nofollow\" href=\"https:\/\/www.elcosturerodesara.com\/fr\/politica-de-privacidad\/\" class=\"elementor-sitemap-item elementor-sitemap-item-page menu-link\">Politique de confidentialit\u00e9<\/a><\/li><li class=\"elementor-sitemap-item elementor-sitemap-item-page page_item page-item-263 menu-item\"><a rel=\"nofollow\" href=\"https:\/\/www.elcosturerodesara.com\/fr\/politica-de-cookies\/\" class=\"elementor-sitemap-item elementor-sitemap-item-page menu-link\">Politique de cookies<\/a><\/li><\/ul><\/div><\/div>\t\t\t\t<\/div>\n\t\t\t\t<\/div>\n\t\t\t\t\t<\/div>\n\t\t<\/div>\n\t\t\t\t<div class=\"elementor-column elementor-col-33 elementor-top-column elementor-element elementor-element-163a197b\" data-id=\"163a197b\" data-element_type=\"column\">\n\t\t\t<div class=\"elementor-widget-wrap elementor-element-populated\">\n\t\t\t\t\t\t<div class=\"elementor-element elementor-element-7f37843d elementor-widget elementor-widget-sitemap\" data-id=\"7f37843d\" data-element_type=\"widget\" data-widget_type=\"sitemap.default\">\n\t\t\t\t<div class=\"elementor-widget-container\">\n\t\t\t\t\t<div class=\"elementor-sitemap-wrap\"><div class=\"elementor-sitemap-section\"><h2 class=\"elementor-sitemap-title elementor-sitemap-page-title\">Menu Accessibilit\u00e9<\/h2><ul class=\"elementor-sitemap-list elementor-sitemap-page-list\"><li class=\"elementor-sitemap-item elementor-sitemap-item-page page_item page-item-248 menu-item\"><a rel=\"nofollow\" href=\"https:\/\/www.elcosturerodesara.com\/fr\/mapa-del-sitio\/\" class=\"elementor-sitemap-item elementor-sitemap-item-page menu-link\">Plan du site<\/a><\/li><li class=\"elementor-sitemap-item elementor-sitemap-item-page page_item page-item-284 menu-item\"><a rel=\"nofollow\" href=\"https:\/\/www.elcosturerodesara.com\/fr\/accesibilidad\/\" class=\"elementor-sitemap-item elementor-sitemap-item-page menu-link\">Accessibilit\u00e9<\/a><\/li><\/ul><\/div><\/div>\t\t\t\t<\/div>\n\t\t\t\t<\/div>\n\t\t\t\t\t<\/div>\n\t\t<\/div>\n\t\t\t\t\t<\/div>\n\t\t<\/section>\n\t\t\t\t<section class=\"elementor-section elementor-top-section elementor-element elementor-element-43236672 elementor-section-boxed elementor-section-height-default elementor-section-height-default\" data-id=\"43236672\" data-element_type=\"section\">\n\t\t\t\t\t\t<div class=\"elementor-container elementor-column-gap-default\">\n\t\t\t\t\t<div class=\"elementor-column elementor-col-100 elementor-top-column elementor-element elementor-element-6eba156a\" data-id=\"6eba156a\" data-element_type=\"column\">\n\t\t\t<div class=\"elementor-widget-wrap elementor-element-populated\">\n\t\t\t\t\t\t<div class=\"elementor-element elementor-element-6609b311 elementor-align-center elementor-widget elementor-widget-button\" data-id=\"6609b311\" data-element_type=\"widget\" data-widget_type=\"button.default\">\n\t\t\t\t<div class=\"elementor-widget-container\">\n\t\t\t\t\t\t\t\t\t<div class=\"elementor-button-wrapper\">\n\t\t\t\t\t<a class=\"elementor-button elementor-button-link elementor-size-md elementor-animation-grow\" href=\"https:\/\/www.elcosturerodesara.com\/fr\/contacto\/\">\n\t\t\t\t\t\t<span class=\"elementor-button-content-wrapper\">\n\t\t\t\t\t\t\t\t\t<span class=\"elementor-button-text\">Demandez plus d&#039;informations<\/span>\n\t\t\t\t\t<\/span>\n\t\t\t\t\t<\/a>\n\t\t\t\t<\/div>\n\t\t\t\t\t\t\t\t<\/div>\n\t\t\t\t<\/div>\n\t\t\t\t\t<\/div>\n\t\t<\/div>\n\t\t\t\t\t<\/div>\n\t\t<\/section>\n\t\t\t\t<\/div>","protected":false},"excerpt":{"rendered":"<p>MAPA DEL SITIO Informaci\u00f3n sobre la estructura interna del sitio, las p\u00e1ginas y su distribuci\u00f3n en men\u00fas Solicitar m\u00e1s informaci\u00f3n<\/p>","protected":false},"author":1,"featured_media":0,"parent":0,"menu_order":7,"comment_status":"closed","ping_status":"closed","template":"","meta":{"site-sidebar-layout":"no-sidebar","site-content-layout":"page-builder","ast-site-content-layout":"","site-content-style":"default","site-sidebar-style":"default","ast-global-header-display":"","ast-banner-title-visibility":"","ast-main-header-display":"","ast-hfb-above-header-display":"","ast-hfb-below-header-display":"","ast-hfb-mobile-header-display":"","site-post-title":"disabled","ast-breadcrumbs-content":"","ast-featured-img":"disabled","footer-sml-layout":"","theme-transparent-header-meta":"default","adv-header-id-meta":"","stick-header-meta":"","header-above-stick-meta":"","header-main-stick-meta":"","header-below-stick-meta":"","astra-migrate-meta-layouts":"default","ast-page-background-enabled":"default","ast-page-background-meta":{"desktop":{"background-color":"","background-image":"","background-repeat":"repeat","background-position":"center center","background-size":"auto","background-attachment":"scroll","background-type":"","background-media":"","overlay-type":"","overlay-color":"","overlay-opacity":"","overlay-gradient":""},"tablet":{"background-color":"","background-image":"","background-repeat":"repeat","background-position":"center center","background-size":"auto","background-attachment":"scroll","background-type":"","background-media":"","overlay-type":"","overlay-color":"","overlay-opacity":"","overlay-gradient":""},"mobile":{"background-color":"","background-image":"","background-repeat":"repeat","background-position":"center center","background-size":"auto","background-attachment":"scroll","background-type":"","background-media":"","overlay-type":"","overlay-color":"","overlay-opacity":"","overlay-gradient":""}},"ast-content-background-meta":{"desktop":{"background-color":"var(--ast-global-color-5)","background-image":"","background-repeat":"repeat","background-position":"center center","background-size":"auto","background-attachment":"scroll","background-type":"","background-media":"","overlay-type":"","overlay-color":"","overlay-opacity":"","overlay-gradient":""},"tablet":{"background-color":"var(--ast-global-color-5)","background-image":"","background-repeat":"repeat","background-position":"center center","background-size":"auto","background-attachment":"scroll","background-type":"","background-media":"","overlay-type":"","overlay-color":"","overlay-opacity":"","overlay-gradient":""},"mobile":{"background-color":"var(--ast-global-color-5)","background-image":"","background-repeat":"repeat","background-position":"center center","background-size":"auto","background-attachment":"scroll","background-type":"","background-media":"","overlay-type":"","overlay-color":"","overlay-opacity":"","overlay-gradient":""}},"footnotes":""},"class_list":["post-248","page","type-page","status-publish","hentry"],"yoast_head":"<!-- This site is optimized with the Yoast SEO plugin v24.4 - https:\/\/yoast.com\/wordpress\/plugins\/seo\/ -->\n<title>El costurero de Sara | Mapa del sitio<\/title>\n<meta name=\"description\" content=\"Arreglamos tu ropa para que puedas lucirla con estilo. Haz que tus prendas favoritas te sienten a la perfecci\u00f3n con nuestros arreglos.\" \/>\n<meta name=\"robots\" content=\"index, follow, max-snippet:-1, max-image-preview:large, max-video-preview:-1\" \/>\n<link rel=\"canonical\" href=\"https:\/\/www.elcosturerodesara.com\/fr\/mapa-del-sitio\/\" \/>\n<meta property=\"og:locale\" content=\"fr_FR\" \/>\n<meta property=\"og:type\" content=\"article\" \/>\n<meta property=\"og:title\" content=\"El costurero de Sara | Mapa del sitio\" \/>\n<meta property=\"og:description\" content=\"Arreglamos tu ropa para que puedas lucirla con estilo. Haz que tus prendas favoritas te sienten a la perfecci\u00f3n con nuestros arreglos.\" \/>\n<meta property=\"og:url\" content=\"https:\/\/www.elcosturerodesara.com\/fr\/mapa-del-sitio\/\" \/>\n<meta property=\"og:site_name\" content=\"El costurero de Sara\" \/>\n<meta property=\"article:modified_time\" content=\"2023-05-15T16:34:28+00:00\" \/>\n<meta property=\"og:image\" content=\"https:\/\/www.elcosturerodesara.com\/wp-content\/uploads\/2023\/02\/elcosturerodesara_13-1.jpg\" \/>\n\t<meta property=\"og:image:width\" content=\"1920\" \/>\n\t<meta property=\"og:image:height\" content=\"2323\" \/>\n\t<meta property=\"og:image:type\" content=\"image\/jpeg\" \/>\n<meta name=\"twitter:card\" content=\"summary_large_image\" \/>\n<script type=\"application\/ld+json\" class=\"yoast-schema-graph\">{\"@context\":\"https:\/\/schema.org\",\"@graph\":[{\"@type\":\"WebPage\",\"@id\":\"https:\/\/www.elcosturerodesara.com\/mapa-del-sitio\/\",\"url\":\"https:\/\/www.elcosturerodesara.com\/mapa-del-sitio\/\",\"name\":\"El costurero de Sara | Mapa del sitio\",\"isPartOf\":{\"@id\":\"https:\/\/www.elcosturerodesara.com\/#website\"},\"datePublished\":\"2023-02-18T17:03:51+00:00\",\"dateModified\":\"2023-05-15T16:34:28+00:00\",\"description\":\"Arreglamos tu ropa para que puedas lucirla con estilo. Haz que tus prendas favoritas te sienten a la perfecci\u00f3n con nuestros arreglos.\",\"breadcrumb\":{\"@id\":\"https:\/\/www.elcosturerodesara.com\/mapa-del-sitio\/#breadcrumb\"},\"inLanguage\":\"fr-FR\",\"potentialAction\":[{\"@type\":\"ReadAction\",\"target\":[\"https:\/\/www.elcosturerodesara.com\/mapa-del-sitio\/\"]}]},{\"@type\":\"BreadcrumbList\",\"@id\":\"https:\/\/www.elcosturerodesara.com\/mapa-del-sitio\/#breadcrumb\",\"itemListElement\":[{\"@type\":\"ListItem\",\"position\":1,\"name\":\"Inicio\",\"item\":\"https:\/\/www.elcosturerodesara.com\/\"},{\"@type\":\"ListItem\",\"position\":2,\"name\":\"Mapa del sitio\"}]},{\"@type\":\"WebSite\",\"@id\":\"https:\/\/www.elcosturerodesara.com\/#website\",\"url\":\"https:\/\/www.elcosturerodesara.com\/\",\"name\":\"El costurero de Sara\",\"description\":\"Los mejores arreglos de ropa\",\"publisher\":{\"@id\":\"https:\/\/www.elcosturerodesara.com\/#organization\"},\"potentialAction\":[{\"@type\":\"SearchAction\",\"target\":{\"@type\":\"EntryPoint\",\"urlTemplate\":\"https:\/\/www.elcosturerodesara.com\/?s={search_term_string}\"},\"query-input\":{\"@type\":\"PropertyValueSpecification\",\"valueRequired\":true,\"valueName\":\"search_term_string\"}}],\"inLanguage\":\"fr-FR\"},{\"@type\":\"Organization\",\"@id\":\"https:\/\/www.elcosturerodesara.com\/#organization\",\"name\":\"El costurero de Sara\",\"url\":\"https:\/\/www.elcosturerodesara.com\/\",\"logo\":{\"@type\":\"ImageObject\",\"inLanguage\":\"fr-FR\",\"@id\":\"https:\/\/www.elcosturerodesara.com\/#\/schema\/logo\/image\/\",\"url\":\"https:\/\/www.elcosturerodesara.com\/wp-content\/uploads\/2023\/02\/Logoelosturerodesara-negativo-1.svg\",\"contentUrl\":\"https:\/\/www.elcosturerodesara.com\/wp-content\/uploads\/2023\/02\/Logoelosturerodesara-negativo-1.svg\",\"width\":1726,\"height\":1275,\"caption\":\"El costurero de Sara\"},\"image\":{\"@id\":\"https:\/\/www.elcosturerodesara.com\/#\/schema\/logo\/image\/\"}}]}<\/script>\n<!-- \/ Yoast SEO plugin. -->","yoast_head_json":{"title":"El costurero de Sara | Mapa del sitio","description":"Arreglamos tu ropa para que puedas lucirla con estilo. Haz que tus prendas favoritas te sienten a la perfecci\u00f3n con nuestros arreglos.","robots":{"index":"index","follow":"follow","max-snippet":"max-snippet:-1","max-image-preview":"max-image-preview:large","max-video-preview":"max-video-preview:-1"},"canonical":"https:\/\/www.elcosturerodesara.com\/fr\/mapa-del-sitio\/","og_locale":"fr_FR","og_type":"article","og_title":"El costurero de Sara | Mapa del sitio","og_description":"Arreglamos tu ropa para que puedas lucirla con estilo. Haz que tus prendas favoritas te sienten a la perfecci\u00f3n con nuestros arreglos.","og_url":"https:\/\/www.elcosturerodesara.com\/fr\/mapa-del-sitio\/","og_site_name":"El costurero de Sara","article_modified_time":"2023-05-15T16:34:28+00:00","og_image":[{"width":1920,"height":2323,"url":"https:\/\/www.elcosturerodesara.com\/wp-content\/uploads\/2023\/02\/elcosturerodesara_13-1.jpg","type":"image\/jpeg"}],"twitter_card":"summary_large_image","schema":{"@context":"https:\/\/schema.org","@graph":[{"@type":"WebPage","@id":"https:\/\/www.elcosturerodesara.com\/mapa-del-sitio\/","url":"https:\/\/www.elcosturerodesara.com\/mapa-del-sitio\/","name":"El costurero de Sara | Mapa del sitio","isPartOf":{"@id":"https:\/\/www.elcosturerodesara.com\/#website"},"datePublished":"2023-02-18T17:03:51+00:00","dateModified":"2023-05-15T16:34:28+00:00","description":"Arreglamos tu ropa para que puedas lucirla con estilo. Haz que tus prendas favoritas te sienten a la perfecci\u00f3n con nuestros arreglos.","breadcrumb":{"@id":"https:\/\/www.elcosturerodesara.com\/mapa-del-sitio\/#breadcrumb"},"inLanguage":"fr-FR","potentialAction":[{"@type":"ReadAction","target":["https:\/\/www.elcosturerodesara.com\/mapa-del-sitio\/"]}]},{"@type":"BreadcrumbList","@id":"https:\/\/www.elcosturerodesara.com\/mapa-del-sitio\/#breadcrumb","itemListElement":[{"@type":"ListItem","position":1,"name":"Inicio","item":"https:\/\/www.elcosturerodesara.com\/"},{"@type":"ListItem","position":2,"name":"Mapa del sitio"}]},{"@type":"WebSite","@id":"https:\/\/www.elcosturerodesara.com\/#website","url":"https:\/\/www.elcosturerodesara.com\/","name":"El costurero de Sara","description":"Los mejores arreglos de ropa","publisher":{"@id":"https:\/\/www.elcosturerodesara.com\/#organization"},"potentialAction":[{"@type":"SearchAction","target":{"@type":"EntryPoint","urlTemplate":"https:\/\/www.elcosturerodesara.com\/?s={search_term_string}"},"query-input":{"@type":"PropertyValueSpecification","valueRequired":true,"valueName":"search_term_string"}}],"inLanguage":"fr-FR"},{"@type":"Organization","@id":"https:\/\/www.elcosturerodesara.com\/#organization","name":"El costurero de Sara","url":"https:\/\/www.elcosturerodesara.com\/","logo":{"@type":"ImageObject","inLanguage":"fr-FR","@id":"https:\/\/www.elcosturerodesara.com\/#\/schema\/logo\/image\/","url":"https:\/\/www.elcosturerodesara.com\/wp-content\/uploads\/2023\/02\/Logoelosturerodesara-negativo-1.svg","contentUrl":"https:\/\/www.elcosturerodesara.com\/wp-content\/uploads\/2023\/02\/Logoelosturerodesara-negativo-1.svg","width":1726,"height":1275,"caption":"El costurero de Sara"},"image":{"@id":"https:\/\/www.elcosturerodesara.com\/#\/schema\/logo\/image\/"}}]}},"_links":{"self":[{"href":"https:\/\/www.elcosturerodesara.com\/fr\/wp-json\/wp\/v2\/pages\/248","targetHints":{"allow":["GET"]}}],"collection":[{"href":"https:\/\/www.elcosturerodesara.com\/fr\/wp-json\/wp\/v2\/pages"}],"about":[{"href":"https:\/\/www.elcosturerodesara.com\/fr\/wp-json\/wp\/v2\/types\/page"}],"author":[{"embeddable":true,"href":"https:\/\/www.elcosturerodesara.com\/fr\/wp-json\/wp\/v2\/users\/1"}],"replies":[{"embeddable":true,"href":"https:\/\/www.elcosturerodesara.com\/fr\/wp-json\/wp\/v2\/comments?post=248"}],"version-history":[{"count":5,"href":"https:\/\/www.elcosturerodesara.com\/fr\/wp-json\/wp\/v2\/pages\/248\/revisions"}],"predecessor-version":[{"id":866,"href":"https:\/\/www.elcosturerodesara.com\/fr\/wp-json\/wp\/v2\/pages\/248\/revisions\/866"}],"wp:attachment":[{"href":"https:\/\/www.elcosturerodesara.com\/fr\/wp-json\/wp\/v2\/media?parent=248"}],"curies":[{"name":"wp","href":"https:\/\/api.w.org\/{rel}","templated":true}]}}